{"id":812,"date":"2024-01-16T00:04:25","date_gmt":"2024-01-16T00:04:25","guid":{"rendered":"https:\/\/technologydma.com\/?page_id=812"},"modified":"2024-01-20T18:26:35","modified_gmt":"2024-01-20T18:26:35","slug":"identify","status":"publish","type":"page","link":"https:\/\/technologydma.com\/index.php\/identify\/","title":{"rendered":"IDENTIFY"},"content":{"rendered":"\t\t<div data-elementor-type=\"wp-page\" data-elementor-id=\"812\" class=\"elementor elementor-812\">\n\t\t\t\t\t\t\t<div class=\"elementor-element elementor-element-dbf183c e-flex e-con-boxed e-con e-parent\" data-id=\"dbf183c\" data-element_type=\"container\" data-settings=\"{&quot;content_width&quot;:&quot;boxed&quot;}\" data-core-v316-plus=\"true\">\n\t\t\t\t\t<div class=\"e-con-inner\">\n\t\t\t\t<div class=\"elementor-element elementor-element-1c30179 elementor-widget elementor-widget-heading\" data-id=\"1c30179\" data-element_type=\"widget\" data-widget_type=\"heading.default\">\n\t\t\t\t<div class=\"elementor-widget-container\">\n\t\t\t<style>\/*! elementor - v3.18.0 - 20-12-2023 *\/\n.elementor-heading-title{padding:0;margin:0;line-height:1}.elementor-widget-heading .elementor-heading-title[class*=elementor-size-]>a{color:inherit;font-size:inherit;line-height:inherit}.elementor-widget-heading .elementor-heading-title.elementor-size-small{font-size:15px}.elementor-widget-heading .elementor-heading-title.elementor-size-medium{font-size:19px}.elementor-widget-heading .elementor-heading-title.elementor-size-large{font-size:29px}.elementor-widget-heading .elementor-heading-title.elementor-size-xl{font-size:39px}.elementor-widget-heading .elementor-heading-title.elementor-size-xxl{font-size:59px}<\/style><h2 class=\"elementor-heading-title elementor-size-default\">IDENTIFY<\/h2>\t\t<\/div>\n\t\t\t\t<\/div>\n\t\t\t\t<div class=\"elementor-element elementor-element-c891097 elementor-widget elementor-widget-text-editor\" data-id=\"c891097\" data-element_type=\"widget\" data-widget_type=\"text-editor.default\">\n\t\t\t\t<div class=\"elementor-widget-container\">\n\t\t\t<style>\/*! elementor - v3.18.0 - 20-12-2023 *\/\n.elementor-widget-text-editor.elementor-drop-cap-view-stacked .elementor-drop-cap{background-color:#69727d;color:#fff}.elementor-widget-text-editor.elementor-drop-cap-view-framed .elementor-drop-cap{color:#69727d;border:3px solid;background-color:transparent}.elementor-widget-text-editor:not(.elementor-drop-cap-view-default) .elementor-drop-cap{margin-top:8px}.elementor-widget-text-editor:not(.elementor-drop-cap-view-default) .elementor-drop-cap-letter{width:1em;height:1em}.elementor-widget-text-editor .elementor-drop-cap{float:left;text-align:center;line-height:1;font-size:50px}.elementor-widget-text-editor .elementor-drop-cap-letter{display:inline-block}<\/style>\t\t\t\t<p>\u00c9sta manilla est\u00e1 dise\u00f1ada para proporcionar una forma f\u00e1cil y segura de identificar a las personas en diferentes situaciones, Nuestra manilla de identificaci\u00f3n es perfecta para, hospitales, escuelas, eventos y cualquier otra situaci\u00f3n en la que la identificaci\u00f3n sea necesaria. Con un dise\u00f1o moderno y elegante, esta manilla se adapta c\u00f3modamente a la mu\u00f1eca de cada persona, brindando comodidad.<\/p>\t\t\t\t\t\t<\/div>\n\t\t\t\t<\/div>\n\t\t\t\t\t<\/div>\n\t\t\t\t<\/div>\n\t\t<div class=\"elementor-element elementor-element-becab6f e-flex e-con-boxed e-con e-parent\" data-id=\"becab6f\" data-element_type=\"container\" data-settings=\"{&quot;content_width&quot;:&quot;boxed&quot;}\" data-core-v316-plus=\"true\">\n\t\t\t\t\t<div class=\"e-con-inner\">\n\t\t\t\t\t<\/div>\n\t\t\t\t<\/div>\n\t\t\t\t\t\t\t<\/div>\n\t\t","protected":false},"excerpt":{"rendered":"<p>IDENTIFY \u00c9sta manilla est\u00e1 dise\u00f1ada para proporcionar una forma f\u00e1cil y segura de identificar a las personas en diferentes situaciones, Nuestra manilla de identificaci\u00f3n es perfecta para, hospitales, escuelas, eventos y cualquier otra situaci\u00f3n en la que la identificaci\u00f3n sea necesaria. Con un dise\u00f1o moderno y elegante, esta manilla se adapta c\u00f3modamente a la mu\u00f1eca&hellip;&nbsp;<a href=\"https:\/\/technologydma.com\/index.php\/identify\/\" class=\"\" rel=\"bookmark\">Leer m\u00e1s &raquo;<span class=\"screen-reader-text\">IDENTIFY<\/span><\/a><\/p>\n","protected":false},"author":1,"featured_media":0,"parent":0,"menu_order":0,"comment_status":"closed","ping_status":"closed","template":"page-templates\/template-pagebuilder-full-width.php","meta":{"om_disable_all_campaigns":false,"neve_meta_sidebar":"","neve_meta_container":"","neve_meta_enable_content_width":"","neve_meta_content_width":0,"neve_meta_title_alignment":"","neve_meta_author_avatar":"","neve_post_elements_order":"","neve_meta_disable_header":"","neve_meta_disable_footer":"","neve_meta_disable_title":"","_themeisle_gutenberg_block_has_review":false,"_ti_tpc_template_sync":false,"_ti_tpc_template_id":"","footnotes":""},"class_list":["post-812","page","type-page","status-publish","hentry"],"aioseo_notices":[],"_links":{"self":[{"href":"https:\/\/technologydma.com\/index.php\/wp-json\/wp\/v2\/pages\/812","targetHints":{"allow":["GET"]}}],"collection":[{"href":"https:\/\/technologydma.com\/index.php\/wp-json\/wp\/v2\/pages"}],"about":[{"href":"https:\/\/technologydma.com\/index.php\/wp-json\/wp\/v2\/types\/page"}],"author":[{"embeddable":true,"href":"https:\/\/technologydma.com\/index.php\/wp-json\/wp\/v2\/users\/1"}],"replies":[{"embeddable":true,"href":"https:\/\/technologydma.com\/index.php\/wp-json\/wp\/v2\/comments?post=812"}],"version-history":[{"count":22,"href":"https:\/\/technologydma.com\/index.php\/wp-json\/wp\/v2\/pages\/812\/revisions"}],"predecessor-version":[{"id":853,"href":"https:\/\/technologydma.com\/index.php\/wp-json\/wp\/v2\/pages\/812\/revisions\/853"}],"wp:attachment":[{"href":"https:\/\/technologydma.com\/index.php\/wp-json\/wp\/v2\/media?parent=812"}],"curies":[{"name":"wp","href":"https:\/\/api.w.org\/{rel}","templated":true}]}}